{"id":1774,"date":"2024-12-22T22:11:36","date_gmt":"2024-12-22T22:11:36","guid":{"rendered":"https:\/\/polskastream.com\/?page_id=1774"},"modified":"2025-03-19T22:27:55","modified_gmt":"2025-03-19T22:27:55","slug":"iptv-dator","status":"publish","type":"page","link":"https:\/\/polskastream.com\/pl\/iptv-dator\/","title":{"rendered":"IPTV Dator"},"content":{"rendered":"<div data-elementor-type=\"wp-page\" data-elementor-id=\"1774\" class=\"elementor elementor-1774\" data-elementor-post-type=\"page\">\n\t\t\t\t\t\t<section class=\"elementor-section elementor-top-section elementor-element elementor-element-f8f1afa elementor-section-boxed elementor-section-height-default elementor-section-height-default\" data-id=\"f8f1afa\" data-element_type=\"section\" data-settings=\"{&quot;background_background&quot;:&quot;classic&quot;}\">\n\t\t\t\t\t\t<div class=\"elementor-container elementor-column-gap-default\">\n\t\t\t\t\t<div class=\"elementor-column elementor-col-100 elementor-top-column elementor-element elementor-element-63c36e3\" data-id=\"63c36e3\" data-element_type=\"column\">\n\t\t\t<div class=\"elementor-widget-wrap elementor-element-populated\">\n\t\t\t\t\t\t<div class=\"elementor-element elementor-element-03a55a4 elementor-widget elementor-widget-heading\" data-id=\"03a55a4\" data-element_type=\"widget\" data-widget_type=\"heading.default\">\n\t\t\t\t<div class=\"elementor-widget-container\">\n\t\t\t\t\t<h2 class=\"elementor-heading-title elementor-size-default\">Instrukcje dotycz\u0105ce komputera IPTV<\/h2>\t\t\t\t<\/div>\n\t\t\t\t<\/div>\n\t\t\t\t<div class=\"elementor-element elementor-element-2a2188b elementor-widget elementor-widget-text-editor\" data-id=\"2a2188b\" data-element_type=\"widget\" data-widget_type=\"text-editor.default\">\n\t\t\t\t<div class=\"elementor-widget-container\">\n\t\t\t\t\t\t\t\t\t<p>IPTV na Twoim komputerze \u2013 Jak zacz\u0105\u0107 z IPTV na swoim komputerze! Aby ogl\u0105da\u0107 telewizj\u0119 IPTV na komputerze, musisz pobra\u0107 aplikacj\u0119 IPTV. Poni\u017cej znajduj\u0105 si\u0119 zalecane aplikacje wsp\u00f3\u0142pracuj\u0105ce z Twoim komputerem. Kliknij aplikacj\u0119, aby uzyska\u0107 szczeg\u00f3\u0142owe informacje o tym, jak rozpocz\u0105\u0107. Istniej\u0105 inne aplikacje, kt\u00f3re dzia\u0142aj\u0105, ale my polecamy te wymienione tutaj.<\/p>\n<p>Niezale\u017cnie od tego, czy na komputerze korzystasz z systemu Windows, czy macOS, IPTV dzia\u0142a p\u0142ynnie. Wymienione poni\u017cej aplikacje s\u0105 dostosowane do p\u0142ynnego u\u017cytkowania. Je\u015bli jednak wolisz, mo\u017cesz tak\u017ce wypr\u00f3bowa\u0107 inne aplikacje.&nbsp;<\/p>\t\t\t\t\t\t\t\t<\/div>\n\t\t\t\t<\/div>\n\t\t\t\t<div class=\"elementor-section elementor-inner-section elementor-element elementor-element-5402fbf elementor-section-boxed elementor-section-height-default elementor-section-height-default\" data-id=\"5402fbf\" data-element_type=\"section\">\n\t\t\t\t\t\t<div class=\"elementor-container elementor-column-gap-default\">\n\t\t\t\t\t<div data-ra-url=\"https:\/\/polskastream.com\/iptv-windows\/\" data-ra-target=\"_self\" class=\"ra-clickable-wrapper elementor-column elementor-col-50 elementor-inner-column elementor-element elementor-element-4acbea1\" style=\"cursor:pointer;\" data-id=\"4acbea1\" data-element_type=\"column\" data-settings=\"{&quot;background_background&quot;:&quot;gradient&quot;}\">\n\t\t\t<div class=\"elementor-widget-wrap elementor-element-populated\">\n\t\t\t\t\t\t<div class=\"elementor-element elementor-element-02be083 elementor-widget elementor-widget-image-box\" data-id=\"02be083\" data-element_type=\"widget\" data-widget_type=\"image-box.default\">\n\t\t\t\t<div class=\"elementor-widget-container\">\n\t\t\t\t\t<div class=\"elementor-image-box-wrapper\"><div class=\"elementor-image-box-content\"><h3 class=\"elementor-image-box-title\"><a href=\"https:\/\/polskastream.com\/iptv-windows\/\">Windows<\/a><\/h3><p class=\"elementor-image-box-description\"> <\/p><\/div><\/div>\t\t\t\t<\/div>\n\t\t\t\t<\/div>\n\t\t\t\t\t<\/div>\n\t\t<\/div>\n\t\t\t\t<div data-ra-url=\"https:\/\/polskastream.com\/mac-iptv\/\" data-ra-target=\"_self\" class=\"ra-clickable-wrapper elementor-column elementor-col-50 elementor-inner-column elementor-element elementor-element-a8afd1c\" style=\"cursor:pointer;\" data-id=\"a8afd1c\" data-element_type=\"column\" data-settings=\"{&quot;background_background&quot;:&quot;gradient&quot;}\">\n\t\t\t<div class=\"elementor-widget-wrap elementor-element-populated\">\n\t\t\t\t\t\t<div class=\"elementor-element elementor-element-101b817 elementor-widget elementor-widget-image-box\" data-id=\"101b817\" data-element_type=\"widget\" data-widget_type=\"image-box.default\">\n\t\t\t\t<div class=\"elementor-widget-container\">\n\t\t\t\t\t<div class=\"elementor-image-box-wrapper\"><div class=\"elementor-image-box-content\"><h3 class=\"elementor-image-box-title\"><a href=\"https:\/\/polskastream.com\/mac-iptv\/\">MAC<\/a><\/h3><p class=\"elementor-image-box-description\"> <\/p><\/div><\/div>\t\t\t\t<\/div>\n\t\t\t\t<\/div>\n\t\t\t\t\t<\/div>\n\t\t<\/div>\n\t\t\t\t\t<\/div>\n\t\t<\/div>\n\t\t\t\t\t<\/div>\n\t\t<\/div>\n\t\t\t\t\t<\/div>\n\t\t<\/section>\n\t\t\t\t<section class=\"elementor-section elementor-top-section elementor-element elementor-element-8d7fa1a elementor-section-boxed elementor-section-height-default elementor-section-height-default\" data-id=\"8d7fa1a\" data-element_type=\"section\" data-settings=\"{&quot;background_background&quot;:&quot;classic&quot;}\">\n\t\t\t\t\t\t\t<div class=\"elementor-background-overlay\"><\/div>\n\t\t\t\t\t\t\t<div class=\"elementor-container elementor-column-gap-default\">\n\t\t\t\t\t<div class=\"elementor-column elementor-col-100 elementor-top-column elementor-element elementor-element-baf4930\" data-id=\"baf4930\" data-element_type=\"column\">\n\t\t\t<div class=\"elementor-widget-wrap elementor-element-populated\">\n\t\t\t\t\t\t<div class=\"elementor-element elementor-element-e00f45e elementor-widget elementor-widget-heading\" data-id=\"e00f45e\" data-element_type=\"widget\" data-widget_type=\"heading.default\">\n\t\t\t\t<div class=\"elementor-widget-container\">\n\t\t\t\t\t<h3 class=\"elementor-heading-title elementor-size-default\">Kup komputer \u2013 IPTV na komputerze<\/h3>\t\t\t\t<\/div>\n\t\t\t\t<\/div>\n\t\t\t\t<div class=\"elementor-element elementor-element-5998c89 elementor-widget elementor-widget-text-editor\" data-id=\"5998c89\" data-element_type=\"widget\" data-widget_type=\"text-editor.default\">\n\t\t\t\t<div class=\"elementor-widget-container\">\n\t\t\t\t\t\t\t\t\t<p>Kup komputer jednej z wi\u0119kszych sieci jak Elgiganten, Power czy Webhallen. Nie zalecamy zakupu u\u017cywanego komputera, poniewa\u017c nie wiesz, jak by\u0142 on wcze\u015bniej u\u017cywany. U\u017cywane urz\u0105dzenia mog\u0105 wykazywa\u0107 oznaki zu\u017cycia, kt\u00f3re mog\u0105 mie\u0107 wp\u0142yw na wa\u017cne podzespo\u0142y, takie jak dysk twardy, procesor czy pami\u0119\u0107 RAM. Ponadto komputer nie zawsze jest zoptymalizowany do obs\u0142ugi du\u017cych list odtwarzania IPTV, kt\u00f3re mog\u0105 zawiera\u0107 setki tysi\u0119cy tytu\u0142\u00f3w. Aby uzyska\u0107 najlepsz\u0105 jako\u015b\u0107, zalecamy zamiast tego Apple TV lub Formuler Box. Mimo to komputer dobrze sprawdza si\u0119 w przypadku telewizji IPTV, ale aby uzyska\u0107 najlepsze wra\u017cenia, najlepszym rozwi\u0105zaniem b\u0119dzie telewizor i pude\u0142ko.<\/p><p>Niezale\u017cnie od tego, czy masz ju\u017c komputer, czy kupujesz nowy, dobrym pomys\u0142em mo\u017ce by\u0107 usuni\u0119cie niepotrzebnych aplikacji i program\u00f3w, kt\u00f3rych nie u\u017cywasz, poniewa\u017c zajmuj\u0105 miejsce na dysku, a czasem nawet pami\u0119\u0107 RAM, gdy dzia\u0142aj\u0105 w tle.\u00a0<\/p>\t\t\t\t\t\t\t\t<\/div>\n\t\t\t\t<\/div>\n\t\t\t\t<div class=\"elementor-element elementor-element-4be4c36 elementor-widget elementor-widget-heading\" data-id=\"4be4c36\" data-element_type=\"widget\" data-widget_type=\"heading.default\">\n\t\t\t\t<div class=\"elementor-widget-container\">\n\t\t\t\t\t<h3 class=\"elementor-heading-title elementor-size-default\">Podstawowe ustawienia<\/h3>\t\t\t\t<\/div>\n\t\t\t\t<\/div>\n\t\t\t\t<div class=\"elementor-element elementor-element-8f0f803 elementor-widget elementor-widget-text-editor\" data-id=\"8f0f803\" data-element_type=\"widget\" data-widget_type=\"text-editor.default\">\n\t\t\t\t<div class=\"elementor-widget-container\">\n\t\t\t\t\t\t\t\t\t<p>Dokonaj podstawowych ustawie\u0144 na nowym komputerze i zaakceptuj wszystkie warunki, je\u015bli urz\u0105dzenie jest nowe. Zaloguj si\u0119 lub utw\u00f3rz konto Google lub iCloud, w zale\u017cno\u015bci od tego, czy jest to komputer z systemem Windows, czy Mac. Zainstaluj niezb\u0119dne aplikacje lub programy i zachowaj opakowanie, poniewa\u017c mo\u017ce obejmowa\u0107 gwarancj\u0119.<\/p><p>Pod\u0142\u0105cz nowe urz\u0105dzenie do sieci. Aby uzyska\u0107 bardziej stabilne po\u0142\u0105czenie, zalecamy u\u017cycie kabla Ethernet (kabla sieciowego), ale WiFi dzia\u0142a r\u00f3wnie\u017c dobrze, je\u015bli router nie jest zbyt daleko i ma dobry zasi\u0119g w domu.<\/p><p>Nale\u017cy pami\u0119ta\u0107, \u017ce du\u017ce przedmioty, takie jak lod\u00f3wki, szafy lub drzwi, mog\u0105 zak\u0142\u00f3ca\u0107 sygna\u0142 i wp\u0142ywa\u0107 na po\u0142\u0105czenie. Aby uzyska\u0107 najlepsze wyniki, u\u017cyj kabla sieciowego mi\u0119dzy komputerem a routerem.\u00a0<\/p>\t\t\t\t\t\t\t\t<\/div>\n\t\t\t\t<\/div>\n\t\t\t\t\t<\/div>\n\t\t<\/div>\n\t\t\t\t\t<\/div>\n\t\t<\/section>\n\t\t\t\t<section class=\"elementor-section elementor-top-section elementor-element elementor-element-2e41c02 elementor-section-boxed elementor-section-height-default elementor-section-height-default\" data-id=\"2e41c02\" data-element_type=\"section\" data-settings=\"{&quot;background_background&quot;:&quot;classic&quot;}\">\n\t\t\t\t\t\t<div class=\"elementor-container elementor-column-gap-default\">\n\t\t\t\t\t<div class=\"elementor-column elementor-col-100 elementor-top-column elementor-element elementor-element-ea282d3\" data-id=\"ea282d3\" data-element_type=\"column\">\n\t\t\t<div class=\"elementor-widget-wrap elementor-element-populated\">\n\t\t\t\t\t\t<div class=\"elementor-element elementor-element-f077726 elementor-widget elementor-widget-heading\" data-id=\"f077726\" data-element_type=\"widget\" data-widget_type=\"heading.default\">\n\t\t\t\t<div class=\"elementor-widget-container\">\n\t\t\t\t\t<h2 class=\"elementor-heading-title elementor-size-default\">Pobierz aplikacj\u0119 IPTV<\/h2>\t\t\t\t<\/div>\n\t\t\t\t<\/div>\n\t\t\t\t<section class=\"elementor-section elementor-inner-section elementor-element elementor-element-3934604 elementor-section-boxed elementor-section-height-default elementor-section-height-default\" data-id=\"3934604\" data-element_type=\"section\">\n\t\t\t\t\t\t<div class=\"elementor-container elementor-column-gap-default\">\n\t\t\t\t\t<div class=\"elementor-column elementor-col-50 elementor-inner-column elementor-element elementor-element-17de95b\" data-id=\"17de95b\" data-element_type=\"column\">\n\t\t\t<div class=\"elementor-widget-wrap elementor-element-populated\">\n\t\t\t\t\t\t<div class=\"elementor-element elementor-element-79f8327 elementor-widget elementor-widget-image\" data-id=\"79f8327\" data-element_type=\"widget\" data-widget_type=\"image.default\">\n\t\t\t\t<div class=\"elementor-widget-container\">\n\t\t\t\t\t\t\t\t\t\t\t\t\t\t\t<img fetchpriority=\"high\" decoding=\"async\" width=\"768\" height=\"473\" src=\"https:\/\/polskastream.com\/wp-content\/uploads\/2024\/12\/IPTV-med-Mac-dator-768x473-1.jpeg\" class=\"attachment-large size-large wp-image-1806\" alt=\"\" srcset=\"https:\/\/polskastream.com\/wp-content\/uploads\/2024\/12\/IPTV-med-Mac-dator-768x473-1.jpeg 768w, https:\/\/polskastream.com\/wp-content\/uploads\/2024\/12\/IPTV-med-Mac-dator-768x473-1-600x370.jpeg 600w, https:\/\/polskastream.com\/wp-content\/uploads\/2024\/12\/IPTV-med-Mac-dator-768x473-1-300x185.jpeg 300w\" sizes=\"(max-width: 768px) 100vw, 768px\" \/>\t\t\t\t\t\t\t\t\t\t\t\t\t\t\t<\/div>\n\t\t\t\t<\/div>\n\t\t\t\t<div class=\"elementor-element elementor-element-c7ca43d elementor-widget elementor-widget-heading\" data-id=\"c7ca43d\" data-element_type=\"widget\" data-widget_type=\"heading.default\">\n\t\t\t\t<div class=\"elementor-widget-container\">\n\t\t\t\t\t<h2 class=\"elementor-heading-title elementor-size-default\">1. Najlepsze aplikacje IPTV na PC<\/h2>\t\t\t\t<\/div>\n\t\t\t\t<\/div>\n\t\t\t\t<div class=\"elementor-element elementor-element-6f3ae17 elementor-widget elementor-widget-text-editor\" data-id=\"6f3ae17\" data-element_type=\"widget\" data-widget_type=\"text-editor.default\">\n\t\t\t\t<div class=\"elementor-widget-container\">\n\t\t\t\t\t\t\t\t\t<p>Obecnie istnieje wiele aplikacji IPTV na komputery, ale wi\u0119kszo\u015b\u0107 z nich nie jest wysokiej jako\u015bci. Dlatego zebrali\u015bmy najlepsze aplikacje, kt\u00f3re naszym zdaniem dzia\u0142aj\u0105 najlepiej. Poni\u017cej znajduj\u0105 si\u0119 niekt\u00f3re z naszych polecanych aplikacji, kt\u00f3re \u015bwietnie dzia\u0142aj\u0105 na komputerach Acer, Asus, MSI, Lenovo, MAC i wielu innych marek. Najlepiej pobra\u0107 aplikacje ze Sklepu Play lub Appstore.<\/p><p><strong><a href=\"https:\/\/polskastream.com\/iptv-smarters\/\">\u00a0Inteligentniejszy IPTV<\/a><\/strong><br \/><strong><a href=\"https:\/\/polskastream.com\/myiptv-player\">\u00a0Odtwarzacz MyIPTV<\/a><\/strong><br \/><strong><a href=\"https:\/\/polskastream.com\/duplex-iptv\/\">\u00a0Odtwarzanie dwustronne<\/a><\/strong><br \/><strong><a href=\"https:\/\/polskastream.com\/gse-smart-iptv\/\">\u00a0GSE Smart IPTV Pro<\/a><\/strong><\/p><p>Je\u015bli chcesz dowiedzie\u0107 si\u0119 wi\u0119cej o najlepszej aplikacji IPTV, przeczytaj wi\u0119cej tutaj.\u00a0<\/p>\t\t\t\t\t\t\t\t<\/div>\n\t\t\t\t<\/div>\n\t\t\t\t\t<\/div>\n\t\t<\/div>\n\t\t\t\t<div class=\"elementor-column elementor-col-50 elementor-inner-column elementor-element elementor-element-2dee851\" data-id=\"2dee851\" data-element_type=\"column\">\n\t\t\t<div class=\"elementor-widget-wrap elementor-element-populated\">\n\t\t\t\t\t\t<div class=\"elementor-element elementor-element-e55eb8c elementor-widget elementor-widget-image\" data-id=\"e55eb8c\" data-element_type=\"widget\" data-widget_type=\"image.default\">\n\t\t\t\t<div class=\"elementor-widget-container\">\n\t\t\t\t\t\t\t\t\t\t\t\t\t\t\t<img decoding=\"async\" width=\"768\" height=\"486\" src=\"https:\/\/polskastream.com\/wp-content\/uploads\/2024\/12\/IPTV-App-Mac-dator-768x486-1.jpeg\" class=\"attachment-large size-large wp-image-1805\" alt=\"\" srcset=\"https:\/\/polskastream.com\/wp-content\/uploads\/2024\/12\/IPTV-App-Mac-dator-768x486-1.jpeg 768w, https:\/\/polskastream.com\/wp-content\/uploads\/2024\/12\/IPTV-App-Mac-dator-768x486-1-600x380.jpeg 600w, https:\/\/polskastream.com\/wp-content\/uploads\/2024\/12\/IPTV-App-Mac-dator-768x486-1-300x190.jpeg 300w\" sizes=\"(max-width: 768px) 100vw, 768px\" \/>\t\t\t\t\t\t\t\t\t\t\t\t\t\t\t<\/div>\n\t\t\t\t<\/div>\n\t\t\t\t<div class=\"elementor-element elementor-element-73e9d17 elementor-widget elementor-widget-heading\" data-id=\"73e9d17\" data-element_type=\"widget\" data-widget_type=\"heading.default\">\n\t\t\t\t<div class=\"elementor-widget-container\">\n\t\t\t\t\t<h2 class=\"elementor-heading-title elementor-size-default\">2. IPTV z komputerem \u2013 faza testowa<\/h2>\t\t\t\t<\/div>\n\t\t\t\t<\/div>\n\t\t\t\t<div class=\"elementor-element elementor-element-ff0752d elementor-widget elementor-widget-text-editor\" data-id=\"ff0752d\" data-element_type=\"widget\" data-widget_type=\"text-editor.default\">\n\t\t\t\t<div class=\"elementor-widget-container\">\n\t\t\t\t\t\t\t\t\tTeraz mo\u017cesz poprosi\u0107 o bezp\u0142atny okres pr\u00f3bny, klikaj\u0105c przycisk poni\u017cej. Zalecamy zakup 3 miesi\u0105ce po okresie pr\u00f3bnym, aby da\u0107 sobie czas na zapoznanie si\u0119 z naszym ogromnym wyborem. W zasadzie oferujemy wszelkiego rodzaju sporty, wszystkie filmy, seriale i dokumenty. Ca\u0142y nasz asortyment jest r\u00f3wnie\u017c obj\u0119ty okresem darmowym. Przeczytaj wi\u0119cej o naszym asortymencie tutaj.\t\t\t\t\t\t\t\t<\/div>\n\t\t\t\t<\/div>\n\t\t\t\t\t<\/div>\n\t\t<\/div>\n\t\t\t\t\t<\/div>\n\t\t<\/section>\n\t\t\t\t<section class=\"elementor-section elementor-inner-section elementor-element elementor-element-d505ba5 elementor-section-boxed elementor-section-height-default elementor-section-height-default\" data-id=\"d505ba5\" data-element_type=\"section\">\n\t\t\t\t\t\t<div class=\"elementor-container elementor-column-gap-default\">\n\t\t\t\t\t<div class=\"elementor-column elementor-col-50 elementor-inner-column elementor-element elementor-element-83bbdf9\" data-id=\"83bbdf9\" data-element_type=\"column\">\n\t\t\t<div class=\"elementor-widget-wrap elementor-element-populated\">\n\t\t\t\t\t\t<div class=\"elementor-element elementor-element-373ec68 elementor-widget elementor-widget-image\" data-id=\"373ec68\" data-element_type=\"widget\" data-widget_type=\"image.default\">\n\t\t\t\t<div class=\"elementor-widget-container\">\n\t\t\t\t\t\t\t\t\t\t\t\t\t\t\t<img decoding=\"async\" width=\"768\" height=\"356\" src=\"https:\/\/polskastream.com\/wp-content\/uploads\/2024\/12\/IPTV-pa-datorn-768x356-1.jpg\" class=\"attachment-large size-large wp-image-1804\" alt=\"\" srcset=\"https:\/\/polskastream.com\/wp-content\/uploads\/2024\/12\/IPTV-pa-datorn-768x356-1.jpg 768w, https:\/\/polskastream.com\/wp-content\/uploads\/2024\/12\/IPTV-pa-datorn-768x356-1-600x278.jpg 600w, https:\/\/polskastream.com\/wp-content\/uploads\/2024\/12\/IPTV-pa-datorn-768x356-1-300x139.jpg 300w\" sizes=\"(max-width: 768px) 100vw, 768px\" \/>\t\t\t\t\t\t\t\t\t\t\t\t\t\t\t<\/div>\n\t\t\t\t<\/div>\n\t\t\t\t<div class=\"elementor-element elementor-element-3cf776d elementor-widget elementor-widget-heading\" data-id=\"3cf776d\" data-element_type=\"widget\" data-widget_type=\"heading.default\">\n\t\t\t\t<div class=\"elementor-widget-container\">\n\t\t\t\t\t<h2 class=\"elementor-heading-title elementor-size-default\">3. Podsumowanie<\/h2>\t\t\t\t<\/div>\n\t\t\t\t<\/div>\n\t\t\t\t<div class=\"elementor-element elementor-element-e92906a elementor-widget elementor-widget-text-editor\" data-id=\"e92906a\" data-element_type=\"widget\" data-widget_type=\"text-editor.default\">\n\t\t\t\t<div class=\"elementor-widget-container\">\n\t\t\t\t\t\t\t\t\t<p>Na koniec zalecamy zakup nowego komputera do ogl\u0105dania telewizji IPTV. Najpierw dokonaj podstawowych ustawie\u0144 i pod\u0142\u0105cz komputer do Internetu, najlepiej za pomoc\u0105 kabla sieciowego. Nast\u0119pnie pobierz aplikacj\u0119 IPTV i popro\u015b o bezp\u0142atn\u0105 wersj\u0119 pr\u00f3bn\u0105 lub kup od nas pakiet na 1\u201312 miesi\u0119cy.<\/p><p>Ciesz si\u0119 kana\u0142ami, filmami, serialami, dokumentami i wszystkimi wydarzeniami PPV! Poniewa\u017c wiele aplikacji IPTV nie jest optymalnych dla komputer\u00f3w PC, wymienili\u015bmy najlepsze opcje dla urz\u0105dze\u0144 z systemem Windows i MAC OS. Oczywi\u015bcie mo\u017cesz tak\u017ce wypr\u00f3bowa\u0107 inne aplikacje, poniewa\u017c wi\u0119kszo\u015b\u0107 z nich dzia\u0142a w ten sam spos\u00f3b po zainstalowaniu.<\/p><p>Korzystanie z telewizji IPTV na komputerze to popularny i \u0142atwy spos\u00f3b na dost\u0119p do szerokiej gamy kana\u0142\u00f3w, film\u00f3w i seriali przez Internet. Aby rozpocz\u0105\u0107, potrzebujesz stabilnego po\u0142\u0105czenia internetowego i odtwarzacza IPTV obs\u0142uguj\u0105cego strumienie od Twojego dostawcy IPTV. Najpopularniejsze odtwarzacze IPTV na PC to VLC Media Player, Kodi i MyIPTV Player.\u00a0<\/p>\t\t\t\t\t\t\t\t<\/div>\n\t\t\t\t<\/div>\n\t\t\t\t\t<\/div>\n\t\t<\/div>\n\t\t\t\t<div class=\"elementor-column elementor-col-50 elementor-inner-column elementor-element elementor-element-27322ea\" data-id=\"27322ea\" data-element_type=\"column\">\n\t\t\t<div class=\"elementor-widget-wrap elementor-element-populated\">\n\t\t\t\t\t\t<div class=\"elementor-element elementor-element-50460df elementor-widget elementor-widget-image\" data-id=\"50460df\" data-element_type=\"widget\" data-widget_type=\"image.default\">\n\t\t\t\t<div class=\"elementor-widget-container\">\n\t\t\t\t\t\t\t\t\t\t\t\t\t\t\t<img loading=\"lazy\" decoding=\"async\" width=\"800\" height=\"399\" src=\"https:\/\/polskastream.com\/wp-content\/uploads\/2024\/12\/IPTV-med-datorn-1024x511-1.webp\" class=\"attachment-large size-large wp-image-1803\" alt=\"\" srcset=\"https:\/\/polskastream.com\/wp-content\/uploads\/2024\/12\/IPTV-med-datorn-1024x511-1.webp 1024w, https:\/\/polskastream.com\/wp-content\/uploads\/2024\/12\/IPTV-med-datorn-1024x511-1-600x299.webp 600w, https:\/\/polskastream.com\/wp-content\/uploads\/2024\/12\/IPTV-med-datorn-1024x511-1-300x150.webp 300w, https:\/\/polskastream.com\/wp-content\/uploads\/2024\/12\/IPTV-med-datorn-1024x511-1-768x383.webp 768w\" sizes=\"(max-width: 800px) 100vw, 800px\" \/>\t\t\t\t\t\t\t\t\t\t\t\t\t\t\t<\/div>\n\t\t\t\t<\/div>\n\t\t\t\t<div class=\"elementor-element elementor-element-4fcb567 elementor-widget elementor-widget-heading\" data-id=\"4fcb567\" data-element_type=\"widget\" data-widget_type=\"heading.default\">\n\t\t\t\t<div class=\"elementor-widget-container\">\n\t\t\t\t\t<h2 class=\"elementor-heading-title elementor-size-default\">4. Komputer IPTV jest \u0142atwiejszy ni\u017c my\u015blisz<\/h2>\t\t\t\t<\/div>\n\t\t\t\t<\/div>\n\t\t\t\t<div class=\"elementor-element elementor-element-2f0b7e6 elementor-widget elementor-widget-text-editor\" data-id=\"2f0b7e6\" data-element_type=\"widget\" data-widget_type=\"text-editor.default\">\n\t\t\t\t<div class=\"elementor-widget-container\">\n\t\t\t\t\t\t\t\t\t<p>Korzystanie z IPTV na komputerze jest \u0142atwe. Najpierw musisz pobra\u0107 i zainstalowa\u0107 odtwarzacz IPTV. Po zainstalowaniu odtwarzacza dodaj \u0142\u0105cze M3U dostawcy IPTV lub plik szczeg\u00f3\u0142\u00f3w kana\u0142u. Przes\u0142anie tego linku lub pliku umo\u017cliwi dost\u0119p do us\u0142ugi IPTV.<\/p>\n<p>VLC Media Player to jeden z najpopularniejszych i przyjaznych dla u\u017cytkownika odtwarzaczy IPTV na PC. Jest bezp\u0142atny i obs\u0142uguje wiele r\u00f3\u017cnych format\u00f3w plik\u00f3w. Je\u015bli szukasz bardziej konfigurowalnego rozwi\u0105zania, Kodi mo\u017ce by\u0107 dobrym rozwi\u0105zaniem z wieloma dodatkami i dodatkowymi funkcjami. Odtwarzacz MyIPTV, dost\u0119pny dla systemu Windows, oferuje r\u00f3wnie\u017c proste i p\u0142ynne dzia\u0142anie.<\/p>\n<p>Dzi\u0119ki IPTV na komputerze mo\u017cesz z \u0142atwo\u015bci\u0105 przesy\u0142a\u0107 strumieniowo telewizj\u0119 na \u017cywo, filmy i seriale na \u017c\u0105danie, co czyni go elastycznym rozwi\u0105zaniem do rozrywki na ekranie.&nbsp;<\/p>\t\t\t\t\t\t\t\t<\/div>\n\t\t\t\t<\/div>\n\t\t\t\t\t<\/div>\n\t\t<\/div>\n\t\t\t\t\t<\/div>\n\t\t<\/section>\n\t\t\t\t\t<\/div>\n\t\t<\/div>\n\t\t\t\t\t<\/div>\n\t\t<\/section>\n\t\t\t\t<\/div>","protected":false},"excerpt":{"rendered":"<p>Instrukcje dotycz\u0105ce komputera IPTV IPTV na Twoim komputerze \u2013 Jak zacz\u0105\u0107 z IPTV na swoim komputerze! Aby ogl\u0105da\u0107 telewizj\u0119 IPTV na komputerze, musisz pobra\u0107 aplikacj\u0119 IPTV. Poni\u017cej znajduj\u0105 si\u0119 zalecane aplikacje wsp\u00f3\u0142pracuj\u0105ce z Twoim komputerem. Kliknij aplikacj\u0119, aby uzyska\u0107 szczeg\u00f3\u0142owe informacje o tym, jak rozpocz\u0105\u0107. Istniej\u0105 inne aplikacje, kt\u00f3re dzia\u0142aj\u0105, ale my polecamy te wymienione [&hellip;]<\/p>","protected":false},"author":1,"featured_media":0,"parent":0,"menu_order":0,"comment_status":"closed","ping_status":"closed","template":"","meta":{"footnotes":""},"class_list":["post-1774","page","type-page","status-publish","hentry"],"_links":{"self":[{"href":"https:\/\/polskastream.com\/pl\/wp-json\/wp\/v2\/pages\/1774","targetHints":{"allow":["GET"]}}],"collection":[{"href":"https:\/\/polskastream.com\/pl\/wp-json\/wp\/v2\/pages"}],"about":[{"href":"https:\/\/polskastream.com\/pl\/wp-json\/wp\/v2\/types\/page"}],"author":[{"embeddable":true,"href":"https:\/\/polskastream.com\/pl\/wp-json\/wp\/v2\/users\/1"}],"replies":[{"embeddable":true,"href":"https:\/\/polskastream.com\/pl\/wp-json\/wp\/v2\/comments?post=1774"}],"version-history":[{"count":0,"href":"https:\/\/polskastream.com\/pl\/wp-json\/wp\/v2\/pages\/1774\/revisions"}],"wp:attachment":[{"href":"https:\/\/polskastream.com\/pl\/wp-json\/wp\/v2\/media?parent=1774"}],"curies":[{"name":"wp","href":"https:\/\/api.w.org\/{rel}","templated":true}]}}