{"id":1810,"date":"2024-12-22T22:43:47","date_gmt":"2024-12-22T22:43:47","guid":{"rendered":"https:\/\/polskastream.com\/?page_id=1810"},"modified":"2025-03-19T22:35:24","modified_gmt":"2025-03-19T22:35:24","slug":"iptv-windows","status":"publish","type":"page","link":"https:\/\/polskastream.com\/pl\/iptv-windows\/","title":{"rendered":"IPTV Windows"},"content":{"rendered":"<div data-elementor-type=\"wp-page\" data-elementor-id=\"1810\" class=\"elementor elementor-1810\" data-elementor-post-type=\"page\">\n\t\t\t\t\t\t<section class=\"elementor-section elementor-top-section elementor-element elementor-element-2a9597b elementor-section-boxed elementor-section-height-default elementor-section-height-default\" data-id=\"2a9597b\" data-element_type=\"section\" data-settings=\"{&quot;background_background&quot;:&quot;classic&quot;}\">\n\t\t\t\t\t\t<div class=\"elementor-container elementor-column-gap-default\">\n\t\t\t\t\t<div class=\"elementor-column elementor-col-100 elementor-top-column elementor-element elementor-element-16c3c8a\" data-id=\"16c3c8a\" data-element_type=\"column\">\n\t\t\t<div class=\"elementor-widget-wrap elementor-element-populated\">\n\t\t\t\t\t\t<div class=\"elementor-element elementor-element-7dcd6a8 elementor-widget elementor-widget-heading\" data-id=\"7dcd6a8\" data-element_type=\"widget\" data-widget_type=\"heading.default\">\n\t\t\t\t<div class=\"elementor-widget-container\">\n\t\t\t\t\t<h2 class=\"elementor-heading-title elementor-size-default\">Windows IPTV \u2013 Pierwsze kroki<\/h2>\t\t\t\t<\/div>\n\t\t\t\t<\/div>\n\t\t\t\t<div class=\"elementor-element elementor-element-a774a91 elementor-widget elementor-widget-text-editor\" data-id=\"a774a91\" data-element_type=\"widget\" data-widget_type=\"text-editor.default\">\n\t\t\t\t<div class=\"elementor-widget-container\">\n\t\t\t\t\t\t\t\t\t<p>Najpierw poszukaj aplikacji wymienionych poni\u017cej w kolejno\u015bci, w jakiej si\u0119 pojawiaj\u0105. Je\u015bli nie mo\u017cesz rozpocz\u0105\u0107 pracy z pierwsz\u0105 aplikacj\u0105, mo\u017cesz wypr\u00f3bowa\u0107 nast\u0119pn\u0105 i kontynuowa\u0107, a\u017c b\u0119dzie dla Ciebie skuteczna. Dzi\u0119ki swoim danym dost\u0119powym mo\u017cesz korzysta\u0107 z dowolnej aplikacji i dlatego nie jeste\u015b ograniczony do konkretnej aplikacji.<\/p><p>Aby uzyska\u0107 najlepsze rezultaty, pami\u0119taj, aby u\u017cywa\u0107 jednej aplikacji na raz!\u00a0<\/p>\t\t\t\t\t\t\t\t<\/div>\n\t\t\t\t<\/div>\n\t\t\t\t<div class=\"elementor-section elementor-inner-section elementor-element elementor-element-0503839 elementor-section-boxed elementor-section-height-default elementor-section-height-default\" data-id=\"0503839\" data-element_type=\"section\">\n\t\t\t\t\t\t<div class=\"elementor-container elementor-column-gap-default\">\n\t\t\t\t\t<div class=\"elementor-column elementor-col-20 elementor-inner-column elementor-element elementor-element-19eb99c\" data-id=\"19eb99c\" data-element_type=\"column\">\n\t\t\t<div class=\"elementor-widget-wrap elementor-element-populated\">\n\t\t\t\t\t\t<div class=\"elementor-element elementor-element-ab24eda elementor-align-justify elementor-widget elementor-widget-button\" data-id=\"ab24eda\" data-element_type=\"widget\" data-widget_type=\"button.default\">\n\t\t\t\t<div class=\"elementor-widget-container\">\n\t\t\t\t\t\t\t\t\t<div class=\"elementor-button-wrapper\">\n\t\t\t\t\t<a class=\"elementor-button elementor-button-link elementor-size-md\" href=\"https:\/\/polskastream.com\/iptv-expert\/\">\n\t\t\t\t\t\t<span class=\"elementor-button-content-wrapper\">\n\t\t\t\t\t\t\t\t\t<span class=\"elementor-button-text\">IPTV Expert<\/span>\n\t\t\t\t\t<\/span>\n\t\t\t\t\t<\/a>\n\t\t\t\t<\/div>\n\t\t\t\t\t\t\t\t<\/div>\n\t\t\t\t<\/div>\n\t\t\t\t\t<\/div>\n\t\t<\/div>\n\t\t\t\t<div class=\"elementor-column elementor-col-20 elementor-inner-column elementor-element elementor-element-5a4cf13\" data-id=\"5a4cf13\" data-element_type=\"column\">\n\t\t\t<div class=\"elementor-widget-wrap elementor-element-populated\">\n\t\t\t\t\t\t<div class=\"elementor-element elementor-element-d33555c elementor-align-justify elementor-widget elementor-widget-button\" data-id=\"d33555c\" data-element_type=\"widget\" data-widget_type=\"button.default\">\n\t\t\t\t<div class=\"elementor-widget-container\">\n\t\t\t\t\t\t\t\t\t<div class=\"elementor-button-wrapper\">\n\t\t\t\t\t<a class=\"elementor-button elementor-button-link elementor-size-md\" href=\"https:\/\/polskastream.com\/iptv-smarters\/\">\n\t\t\t\t\t\t<span class=\"elementor-button-content-wrapper\">\n\t\t\t\t\t\t\t\t\t<span class=\"elementor-button-text\">IPTV Smarters<\/span>\n\t\t\t\t\t<\/span>\n\t\t\t\t\t<\/a>\n\t\t\t\t<\/div>\n\t\t\t\t\t\t\t\t<\/div>\n\t\t\t\t<\/div>\n\t\t\t\t\t<\/div>\n\t\t<\/div>\n\t\t\t\t<div class=\"elementor-column elementor-col-20 elementor-inner-column elementor-element elementor-element-4352443\" data-id=\"4352443\" data-element_type=\"column\">\n\t\t\t<div class=\"elementor-widget-wrap elementor-element-populated\">\n\t\t\t\t\t\t<div class=\"elementor-element elementor-element-8114055 elementor-align-justify elementor-widget elementor-widget-button\" data-id=\"8114055\" data-element_type=\"widget\" data-widget_type=\"button.default\">\n\t\t\t\t<div class=\"elementor-widget-container\">\n\t\t\t\t\t\t\t\t\t<div class=\"elementor-button-wrapper\">\n\t\t\t\t\t<a class=\"elementor-button elementor-button-link elementor-size-md\" href=\"https:\/\/polskastream.com\/hot-iptv\/\">\n\t\t\t\t\t\t<span class=\"elementor-button-content-wrapper\">\n\t\t\t\t\t\t\t\t\t<span class=\"elementor-button-text\">HOT IPTV Player<\/span>\n\t\t\t\t\t<\/span>\n\t\t\t\t\t<\/a>\n\t\t\t\t<\/div>\n\t\t\t\t\t\t\t\t<\/div>\n\t\t\t\t<\/div>\n\t\t\t\t\t<\/div>\n\t\t<\/div>\n\t\t\t\t<div class=\"elementor-column elementor-col-20 elementor-inner-column elementor-element elementor-element-ae9283b\" data-id=\"ae9283b\" data-element_type=\"column\">\n\t\t\t<div class=\"elementor-widget-wrap elementor-element-populated\">\n\t\t\t\t\t\t<div class=\"elementor-element elementor-element-b217f0a elementor-align-justify elementor-widget elementor-widget-button\" data-id=\"b217f0a\" data-element_type=\"widget\" data-widget_type=\"button.default\">\n\t\t\t\t<div class=\"elementor-widget-container\">\n\t\t\t\t\t\t\t\t\t<div class=\"elementor-button-wrapper\">\n\t\t\t\t\t<a class=\"elementor-button elementor-button-link elementor-size-md\" href=\"https:\/\/polskastream.com\/ibo-player\/\">\n\t\t\t\t\t\t<span class=\"elementor-button-content-wrapper\">\n\t\t\t\t\t\t\t\t\t<span class=\"elementor-button-text\">IBO Player Pro<\/span>\n\t\t\t\t\t<\/span>\n\t\t\t\t\t<\/a>\n\t\t\t\t<\/div>\n\t\t\t\t\t\t\t\t<\/div>\n\t\t\t\t<\/div>\n\t\t\t\t\t<\/div>\n\t\t<\/div>\n\t\t\t\t<div class=\"elementor-column elementor-col-20 elementor-inner-column elementor-element elementor-element-51cb4f3\" data-id=\"51cb4f3\" data-element_type=\"column\">\n\t\t\t<div class=\"elementor-widget-wrap elementor-element-populated\">\n\t\t\t\t\t\t<div class=\"elementor-element elementor-element-8f8c961 elementor-align-justify elementor-widget elementor-widget-button\" data-id=\"8f8c961\" data-element_type=\"widget\" data-widget_type=\"button.default\">\n\t\t\t\t<div class=\"elementor-widget-container\">\n\t\t\t\t\t\t\t\t\t<div class=\"elementor-button-wrapper\">\n\t\t\t\t\t<a class=\"elementor-button elementor-button-link elementor-size-md\" href=\"https:\/\/polskastream.com\/myiptv-player\/\">\n\t\t\t\t\t\t<span class=\"elementor-button-content-wrapper\">\n\t\t\t\t\t\t\t\t\t<span class=\"elementor-button-text\">MyIPTV Player<\/span>\n\t\t\t\t\t<\/span>\n\t\t\t\t\t<\/a>\n\t\t\t\t<\/div>\n\t\t\t\t\t\t\t\t<\/div>\n\t\t\t\t<\/div>\n\t\t\t\t\t<\/div>\n\t\t<\/div>\n\t\t\t\t\t<\/div>\n\t\t<\/div>\n\t\t\t\t<section class=\"elementor-section elementor-inner-section elementor-element elementor-element-48a3d12 elementor-section-boxed elementor-section-height-default elementor-section-height-default\" data-id=\"48a3d12\" data-element_type=\"section\">\n\t\t\t\t\t\t<div class=\"elementor-container elementor-column-gap-default\">\n\t\t\t\t\t<div class=\"elementor-column elementor-col-100 elementor-inner-column elementor-element elementor-element-546562d\" data-id=\"546562d\" data-element_type=\"column\">\n\t\t\t<div class=\"elementor-widget-wrap elementor-element-populated\">\n\t\t\t\t\t\t<div class=\"elementor-element elementor-element-396cea4 elementor-widget elementor-widget-heading\" data-id=\"396cea4\" data-element_type=\"widget\" data-widget_type=\"heading.default\">\n\t\t\t\t<div class=\"elementor-widget-container\">\n\t\t\t\t\t<h2 class=\"elementor-heading-title elementor-size-default\">Aplikacja IPTV dla systemu Windows<\/h2>\t\t\t\t<\/div>\n\t\t\t\t<\/div>\n\t\t\t\t<div class=\"elementor-element elementor-element-5522c27 elementor-widget elementor-widget-text-editor\" data-id=\"5522c27\" data-element_type=\"widget\" data-widget_type=\"text-editor.default\">\n\t\t\t\t<div class=\"elementor-widget-container\">\n\t\t\t\t\t\t\t\t\t<p>Kup nowy komputer z systemem Windows od jednej z wi\u0119kszych sieci jak Elgiganten, Power czy Webhallen. Nie zalecamy zakupu u\u017cywanego komputera z systemem Windows, poniewa\u017c trudno jest okre\u015bli\u0107, w jaki spos\u00f3b by\u0142 on u\u017cywany w przesz\u0142o\u015bci. U\u017cywane urz\u0105dzenia mog\u0142y by\u0107 niew\u0142a\u015bciwie u\u017cywane, co mog\u0142o spowodowa\u0107 uszkodzenie wa\u017cnych podzespo\u0142\u00f3w, takich jak dysk twardy, procesor czy pami\u0119\u0107 RAM. Ponadto komputer nie zawsze jest najlepsz\u0105 opcj\u0105 do zarz\u0105dzania du\u017cymi listami IPTV, kt\u00f3re mog\u0105 zawiera\u0107 setki tysi\u0119cy tytu\u0142\u00f3w. Dlatego zalecamy korzystanie z Apple TV lub Formuler Box, aby uzyska\u0107 najlepsz\u0105 jako\u015b\u0107.<\/p><p>Je\u015bli posiadasz ju\u017c komputer lub kupujesz nowy, zalecamy usuni\u0119cie niepotrzebnych aplikacji, aby zwolni\u0107 miejsce na dysku i zapewni\u0107 lepsz\u0105 wydajno\u015b\u0107.\u00a0<\/p>\t\t\t\t\t\t\t\t<\/div>\n\t\t\t\t<\/div>\n\t\t\t\t\t<\/div>\n\t\t<\/div>\n\t\t\t\t\t<\/div>\n\t\t<\/section>\n\t\t\t\t\t<\/div>\n\t\t<\/div>\n\t\t\t\t\t<\/div>\n\t\t<\/section>\n\t\t\t\t<section class=\"elementor-section elementor-top-section elementor-element elementor-element-1299d4b elementor-section-boxed elementor-section-height-default elementor-section-height-default\" data-id=\"1299d4b\" data-element_type=\"section\" id=\"Smart_4\" data-settings=\"{&quot;background_background&quot;:&quot;classic&quot;}\">\n\t\t\t\t\t\t\t<div class=\"elementor-background-overlay\"><\/div>\n\t\t\t\t\t\t\t<div class=\"elementor-container elementor-column-gap-default\">\n\t\t\t\t\t<div class=\"elementor-column elementor-col-100 elementor-top-column elementor-element elementor-element-439f186\" data-id=\"439f186\" data-element_type=\"column\">\n\t\t\t<div class=\"elementor-widget-wrap elementor-element-populated\">\n\t\t\t\t\t\t<div class=\"elementor-element elementor-element-2a6e902 elementor-widget elementor-widget-heading\" data-id=\"2a6e902\" data-element_type=\"widget\" data-widget_type=\"heading.default\">\n\t\t\t\t<div class=\"elementor-widget-container\">\n\t\t\t\t\t<h2 class=\"elementor-heading-title elementor-size-default\">Podstawowe ustawienia<\/h2>\t\t\t\t<\/div>\n\t\t\t\t<\/div>\n\t\t\t\t<div class=\"elementor-element elementor-element-f93a32d elementor-widget elementor-widget-text-editor\" data-id=\"f93a32d\" data-element_type=\"widget\" data-widget_type=\"text-editor.default\">\n\t\t\t\t<div class=\"elementor-widget-container\">\n\t\t\t\t\t\t\t\t\t<p>Dokonaj podstawowych ustawie\u0144 i zaakceptuj wszystkie warunki na swoim komputerze z systemem Windows, je\u015bli jest nowy. Zaloguj si\u0119 lub utw\u00f3rz konto Microsoft, aby uzyska\u0107 dost\u0119p do wszystkich potrzebnych us\u0142ug i aplikacji. Zainstaluj potrzebne oprogramowanie IPTV, np. B. VLC Media Player lub Kodi, kt\u00f3re s\u0105 popularnymi opcjami IPTV w systemie Windows. Pami\u0119taj, aby zachowa\u0107 ca\u0142\u0105 dokumentacj\u0119 i opakowanie, poniewa\u017c cz\u0119sto jest z nimi powi\u0105zana gwarancja.<\/p><p>Pod\u0142\u0105cz tak\u017ce komputer do sieci. Aby uzyska\u0107 najlepsz\u0105 wydajno\u015b\u0107 i stabilno\u015b\u0107, zaleca si\u0119 u\u017cycie kabla Ethernet (kabla sieciowego), ale Wi-Fi dzia\u0142a r\u00f3wnie\u017c dobrze, je\u015bli router znajduje si\u0119 wystarczaj\u0105co blisko i zapewnia silny sygna\u0142. Aby zapewni\u0107 stabiln\u0105 jako\u015b\u0107 telewizji IPTV, upewnij si\u0119, \u017ce router zapewnia odpowiedni zasi\u0119g i pr\u0119dko\u015b\u0107 w ca\u0142ym domu.<\/p><p>Je\u015bli du\u017ce obiekty, takie jak \u015bciany lub meble, blokuj\u0105 sygna\u0142, mo\u017ce to mie\u0107 wp\u0142yw na po\u0142\u0105czenie i jako\u015b\u0107 telewizji IPTV. Dlatego zaleca si\u0119 u\u017cycie kabla sieciowego mi\u0119dzy komputerem a routerem, aby zoptymalizowa\u0107 jako\u015b\u0107 przesy\u0142ania strumieniowego.<\/p><p>Aby cieszy\u0107 si\u0119 IPTV na komputerze z systemem Windows, musisz wybra\u0107 niezawodnego dostawc\u0119 IPTV. Upewnij si\u0119, \u017ce dostawca oferuje stabilne przesy\u0142anie strumieniowe i jest kompatybilny z aplikacjami i programami, kt\u00f3rych chcesz u\u017cywa\u0107. Wielu dostawc\u00f3w IPTV oferuje listy odtwarzania M3U, kt\u00f3re mo\u017cna importowa\u0107 do program\u00f3w takich jak VLC lub Kodi.\u00a0<\/p>\t\t\t\t\t\t\t\t<\/div>\n\t\t\t\t<\/div>\n\t\t\t\t<div class=\"elementor-element elementor-element-2389a76 elementor-widget-divider--view-line elementor-widget elementor-widget-divider\" data-id=\"2389a76\" data-element_type=\"widget\" id=\"Mobil_4\" data-widget_type=\"divider.default\">\n\t\t\t\t<div class=\"elementor-widget-container\">\n\t\t\t\t\t\t\t<div class=\"elementor-divider\">\n\t\t\t<span class=\"elementor-divider-separator\">\n\t\t\t\t\t\t<\/span>\n\t\t<\/div>\n\t\t\t\t\t\t<\/div>\n\t\t\t\t<\/div>\n\t\t\t\t\t<\/div>\n\t\t<\/div>\n\t\t\t\t\t<\/div>\n\t\t<\/section>\n\t\t\t\t<section class=\"elementor-section elementor-top-section elementor-element elementor-element-e0118ae elementor-section-boxed elementor-section-height-default elementor-section-height-default\" data-id=\"e0118ae\" data-element_type=\"section\" data-settings=\"{&quot;background_background&quot;:&quot;classic&quot;}\">\n\t\t\t\t\t\t<div class=\"elementor-container elementor-column-gap-default\">\n\t\t\t\t\t<div class=\"elementor-column elementor-col-100 elementor-top-column elementor-element elementor-element-f4236b3\" data-id=\"f4236b3\" data-element_type=\"column\">\n\t\t\t<div class=\"elementor-widget-wrap elementor-element-populated\">\n\t\t\t\t\t\t<div class=\"elementor-element elementor-element-6aeb54f elementor-widget elementor-widget-heading\" data-id=\"6aeb54f\" data-element_type=\"widget\" data-widget_type=\"heading.default\">\n\t\t\t\t<div class=\"elementor-widget-container\">\n\t\t\t\t\t<h2 class=\"elementor-heading-title elementor-size-default\">Instrukcje dotycz\u0105ce systemu IPTV dla systemu Windows<\/h2>\t\t\t\t<\/div>\n\t\t\t\t<\/div>\n\t\t\t\t<section class=\"elementor-section elementor-inner-section elementor-element elementor-element-0f77672 elementor-section-boxed elementor-section-height-default elementor-section-height-default\" data-id=\"0f77672\" data-element_type=\"section\">\n\t\t\t\t\t\t<div class=\"elementor-container elementor-column-gap-default\">\n\t\t\t\t\t<div class=\"elementor-column elementor-col-50 elementor-inner-column elementor-element elementor-element-b00c01a\" data-id=\"b00c01a\" data-element_type=\"column\">\n\t\t\t<div class=\"elementor-widget-wrap elementor-element-populated\">\n\t\t\t\t\t\t<div class=\"elementor-element elementor-element-8647e87 elementor-widget elementor-widget-image\" data-id=\"8647e87\" data-element_type=\"widget\" data-widget_type=\"image.default\">\n\t\t\t\t<div class=\"elementor-widget-container\">\n\t\t\t\t\t\t\t\t\t\t\t\t\t\t\t<img fetchpriority=\"high\" decoding=\"async\" width=\"768\" height=\"473\" src=\"https:\/\/polskastream.com\/wp-content\/uploads\/2024\/12\/IPTV-med-Mac-dator-768x473-1.jpeg\" class=\"attachment-large size-large wp-image-1806\" alt=\"\" srcset=\"https:\/\/polskastream.com\/wp-content\/uploads\/2024\/12\/IPTV-med-Mac-dator-768x473-1.jpeg 768w, https:\/\/polskastream.com\/wp-content\/uploads\/2024\/12\/IPTV-med-Mac-dator-768x473-1-600x370.jpeg 600w, https:\/\/polskastream.com\/wp-content\/uploads\/2024\/12\/IPTV-med-Mac-dator-768x473-1-300x185.jpeg 300w\" sizes=\"(max-width: 768px) 100vw, 768px\" \/>\t\t\t\t\t\t\t\t\t\t\t\t\t\t\t<\/div>\n\t\t\t\t<\/div>\n\t\t\t\t<div class=\"elementor-element elementor-element-9016294 elementor-widget elementor-widget-heading\" data-id=\"9016294\" data-element_type=\"widget\" data-widget_type=\"heading.default\">\n\t\t\t\t<div class=\"elementor-widget-container\">\n\t\t\t\t\t<h2 class=\"elementor-heading-title elementor-size-default\">Pobierz aplikacj\u0119 IPTV dla systemu Windows<\/h2>\t\t\t\t<\/div>\n\t\t\t\t<\/div>\n\t\t\t\t<div class=\"elementor-element elementor-element-a2c2896 elementor-widget elementor-widget-text-editor\" data-id=\"a2c2896\" data-element_type=\"widget\" data-widget_type=\"text-editor.default\">\n\t\t\t\t<div class=\"elementor-widget-container\">\n\t\t\t\t\t\t\t\t\t<p>Obecnie istnieje wiele r\u00f3\u017cnych aplikacji IPTV na komputery z systemem Windows. Poni\u017cej przedstawiamy list\u0119 najlepszych opcji. Te aplikacje dzia\u0142aj\u0105 \u015bwietnie na komputerach Acer, Asus, MSI, HP, Dell i wielu innych marek. Zalecamy pobranie aplikacji ze sklepu Microsoft Store.<\/p><p><strong><a href=\"https:\/\/polskastream.com\/iptv-smarters\/\">\u00a0IPTV Smarters<\/a><\/strong><br \/><strong><a href=\"https:\/\/polskastream.com\/tivimate\/\">\u00a0Tivimate<\/a><\/strong><br \/><strong><a href=\"https:\/\/polskastream.com\/set-iptv\/\">\u00a0SET IPTV<\/a><\/strong><br \/><strong><a href=\"https:\/\/polskastream.com\/net-iptv\/\">\u00a0NET IPTV<\/a><\/strong><br \/><strong><a href=\"https:\/\/polskastream.com\/iptv-streamer\/\">\u00a0IPTV Streamer<\/a><\/strong><br \/><strong><a href=\"https:\/\/polskastream.com\/duplex-iptv\/\">\u00a0Duplex Play<\/a><\/strong><br \/><strong><a href=\"https:\/\/polskastream.com\/iptv-extreme\/\">\u00a0Extreme IPTV Pro<\/a><\/strong><br \/><strong><a href=\"https:\/\/polskastream.com\/smart-stb\/\">\u00a0Smart STB<\/a><\/strong><br \/><strong><a href=\"https:\/\/polskastream.com\/gse-smart-iptv\/\">\u00a0GSE Smart IPTV Pro<\/a><\/strong><\/p><p>Vill du veta mer om den b\u00e4sta IPTV-appen? L\u00e4s mer h\u00e4r.\u00a0<\/p>\t\t\t\t\t\t\t\t<\/div>\n\t\t\t\t<\/div>\n\t\t\t\t\t<\/div>\n\t\t<\/div>\n\t\t\t\t<div class=\"elementor-column elementor-col-50 elementor-inner-column elementor-element elementor-element-9c9d295\" data-id=\"9c9d295\" data-element_type=\"column\">\n\t\t\t<div class=\"elementor-widget-wrap elementor-element-populated\">\n\t\t\t\t\t\t<div class=\"elementor-element elementor-element-2ced462 elementor-widget elementor-widget-image\" data-id=\"2ced462\" data-element_type=\"widget\" data-widget_type=\"image.default\">\n\t\t\t\t<div class=\"elementor-widget-container\">\n\t\t\t\t\t\t\t\t\t\t\t\t\t\t\t<img decoding=\"async\" width=\"768\" height=\"486\" src=\"https:\/\/polskastream.com\/wp-content\/uploads\/2024\/12\/IPTV-App-Mac-dator-768x486-1.jpeg\" class=\"attachment-large size-large wp-image-1805\" alt=\"\" srcset=\"https:\/\/polskastream.com\/wp-content\/uploads\/2024\/12\/IPTV-App-Mac-dator-768x486-1.jpeg 768w, https:\/\/polskastream.com\/wp-content\/uploads\/2024\/12\/IPTV-App-Mac-dator-768x486-1-600x380.jpeg 600w, https:\/\/polskastream.com\/wp-content\/uploads\/2024\/12\/IPTV-App-Mac-dator-768x486-1-300x190.jpeg 300w\" sizes=\"(max-width: 768px) 100vw, 768px\" \/>\t\t\t\t\t\t\t\t\t\t\t\t\t\t\t<\/div>\n\t\t\t\t<\/div>\n\t\t\t\t<div class=\"elementor-element elementor-element-bc6ce41 elementor-widget elementor-widget-heading\" data-id=\"bc6ce41\" data-element_type=\"widget\" data-widget_type=\"heading.default\">\n\t\t\t\t<div class=\"elementor-widget-container\">\n\t\t\t\t\t<h2 class=\"elementor-heading-title elementor-size-default\">Streszczenie<\/h2>\t\t\t\t<\/div>\n\t\t\t\t<\/div>\n\t\t\t\t<div class=\"elementor-element elementor-element-8b70483 elementor-widget elementor-widget-text-editor\" data-id=\"8b70483\" data-element_type=\"widget\" data-widget_type=\"text-editor.default\">\n\t\t\t\t<div class=\"elementor-widget-container\">\n\t\t\t\t\t\t\t\t\t<p>Na koniec zalecamy korzystanie z komputera z systemem Windows, aby uzyska\u0107 najlepsz\u0105 jako\u015b\u0107 IPTV. Najpierw upewnij si\u0119, \u017ce komputer jest zaktualizowany i poprawnie skonfigurowany. Najlepiej w\u00f3wczas pod\u0142\u0105czy\u0107 komputer do Internetu za pomoc\u0105 kabla sieciowego, aby zapewni\u0107 stabilne i niezawodne po\u0142\u0105czenie. Pobierz aplikacj\u0119 IPTV, tak\u0105 jak VLC Media Player lub Kodi i popro\u015b o bezp\u0142atn\u0105 wersj\u0119 pr\u00f3bn\u0105 lub kup od nas pakiet na 1\u201312 miesi\u0119cy.<\/p><p>Ciesz si\u0119 szerok\u0105 gam\u0105 kana\u0142\u00f3w, film\u00f3w, seriali, film\u00f3w dokumentalnych i wydarze\u0144 PPV bezpo\u015brednio na komputerze z systemem Windows!<\/p><p>Post\u0119puj zgodnie z naszymi przewodnikami, aby uzyska\u0107 zalecane aplikacje i instrukcje instalacji:\u00a0<\/p>\t\t\t\t\t\t\t\t<\/div>\n\t\t\t\t<\/div>\n\t\t\t\t\t<\/div>\n\t\t<\/div>\n\t\t\t\t\t<\/div>\n\t\t<\/section>\n\t\t\t\t\t<\/div>\n\t\t<\/div>\n\t\t\t\t\t<\/div>\n\t\t<\/section>\n\t\t\t\t<section class=\"elementor-section elementor-top-section elementor-element elementor-element-b73d4f0 elementor-section-boxed elementor-section-height-default elementor-section-height-default\" data-id=\"b73d4f0\" data-element_type=\"section\" id=\"Nvidia_Shield_4\" data-settings=\"{&quot;background_background&quot;:&quot;classic&quot;}\">\n\t\t\t\t\t\t<div class=\"elementor-container elementor-column-gap-default\">\n\t\t\t\t\t<div class=\"elementor-column elementor-col-100 elementor-top-column elementor-element elementor-element-45366d7\" data-id=\"45366d7\" data-element_type=\"column\">\n\t\t\t<div class=\"elementor-widget-wrap elementor-element-populated\">\n\t\t\t\t\t\t<div class=\"elementor-element elementor-element-1a82792 elementor-widget elementor-widget-heading\" data-id=\"1a82792\" data-element_type=\"widget\" data-widget_type=\"heading.default\">\n\t\t\t\t<div class=\"elementor-widget-container\">\n\t\t\t\t\t<h2 class=\"elementor-heading-title elementor-size-default\">IPTV \u2013 BEZP\u0141ATNY PR\u00d3BNY<\/h2>\t\t\t\t<\/div>\n\t\t\t\t<\/div>\n\t\t\t\t<div class=\"elementor-element elementor-element-5e05bc6 elementor-widget elementor-widget-text-editor\" data-id=\"5e05bc6\" data-element_type=\"widget\" id=\"Android_Box_4\" data-widget_type=\"text-editor.default\">\n\t\t\t\t<div class=\"elementor-widget-container\">\n\t\t\t\t\t\t\t\t\tNadszed\u0142 czas, aby poprosi\u0107 o bezp\u0142atny okres pr\u00f3bny, klikaj\u0105c przycisk poni\u017cej. Zalecamy zakup przez 3 miesi\u0105ce po bezp\u0142atnym okresie pr\u00f3bnym, aby da\u0107 sobie czas na wypr\u00f3bowanie, poniewa\u017c nasz asortyment jest ogromny. Oferujemy prawie ka\u017cdy sport, film, serial i dokument, jaki mo\u017cesz sobie wyobrazi\u0107. I oczywi\u015bcie ca\u0142a nasza oferta jest r\u00f3wnie\u017c obj\u0119ta bezp\u0142atnym testem. Przeczytaj wi\u0119cej o naszym asortymencie tutaj.\t\t\t\t\t\t\t\t<\/div>\n\t\t\t\t<\/div>\n\t\t\t\t<div class=\"elementor-element elementor-element-e153d92 elementor-widget elementor-widget-heading\" data-id=\"e153d92\" data-element_type=\"widget\" data-widget_type=\"heading.default\">\n\t\t\t\t<div class=\"elementor-widget-container\">\n\t\t\t\t\t<h2 class=\"elementor-heading-title elementor-size-default\">Dlaczego warto wybra\u0107 system Windows dla telewizji IPTV?<\/h2>\t\t\t\t<\/div>\n\t\t\t\t<\/div>\n\t\t\t\t<div class=\"elementor-element elementor-element-2abd891 elementor-widget elementor-widget-text-editor\" data-id=\"2abd891\" data-element_type=\"widget\" data-widget_type=\"text-editor.default\">\n\t\t\t\t<div class=\"elementor-widget-container\">\n\t\t\t\t\t\t\t\t\t<p>Windows zapewnia stabilno\u015b\u0107 i \u0142atwo\u015b\u0107 obs\u0142ugi, co czyni go doskona\u0142\u0105 platform\u0105 dla us\u0142ug IPTV. Dost\u0119pna jest szeroka gama program\u00f3w i aplikacji kompatybilnych z systemem Windows, co daje u\u017cytkownikom elastyczno\u015b\u0107 w wyborze rozwi\u0105zania, kt\u00f3re najlepiej odpowiada ich potrzebom. Popularne aplikacje IPTV, takie jak VLC Media Player i Kodi, dzia\u0142aj\u0105 p\u0142ynnie w systemie Windows. Dodatkowo mo\u017cesz zainstalowa\u0107 dedykowane odtwarzacze IPTV, takie jak MyIPTV Player i Simple TV, kt\u00f3re oferuj\u0105 lepsze opcje przesy\u0142ania strumieniowego i wi\u0119cej opcji dostosowywania.<\/p><p>Kolejn\u0105 zalet\u0105 systemu Windows s\u0105 regularne aktualizacje, kt\u00f3re poprawiaj\u0105 zar\u00f3wno wydajno\u015b\u0107, jak i bezpiecze\u0144stwo. Zapewnia to stabilne i bezpieczne korzystanie z IPTV bez zak\u0142\u00f3ce\u0144. System Windows umo\u017cliwia tak\u017ce wielozadaniowo\u015b\u0107, co oznacza, \u017ce podczas przesy\u0142ania strumieniowego mo\u017cesz wykonywa\u0107 inne zadania na komputerze, tworz\u0105c elastyczne i produktywne \u015brodowisko pracy.\u00a0<\/p>\t\t\t\t\t\t\t\t<\/div>\n\t\t\t\t<\/div>\n\t\t\t\t\t<\/div>\n\t\t<\/div>\n\t\t\t\t\t<\/div>\n\t\t<\/section>\n\t\t\t\t<\/div>","protected":false},"excerpt":{"rendered":"<p>Windows IPTV \u2013 Pierwsze kroki Najpierw poszukaj aplikacji wymienionych poni\u017cej w kolejno\u015bci, w jakiej si\u0119 pojawiaj\u0105. Je\u015bli nie mo\u017cesz rozpocz\u0105\u0107 pracy z pierwsz\u0105 aplikacj\u0105, mo\u017cesz wypr\u00f3bowa\u0107 nast\u0119pn\u0105 i kontynuowa\u0107, a\u017c b\u0119dzie dla Ciebie skuteczna. Dzi\u0119ki swoim danym dost\u0119powym mo\u017cesz korzysta\u0107 z dowolnej aplikacji i dlatego nie jeste\u015b ograniczony do konkretnej aplikacji. Aby uzyska\u0107 najlepsze rezultaty, [&hellip;]<\/p>","protected":false},"author":1,"featured_media":0,"parent":0,"menu_order":0,"comment_status":"closed","ping_status":"closed","template":"","meta":{"footnotes":""},"class_list":["post-1810","page","type-page","status-publish","hentry"],"_links":{"self":[{"href":"https:\/\/polskastream.com\/pl\/wp-json\/wp\/v2\/pages\/1810","targetHints":{"allow":["GET"]}}],"collection":[{"href":"https:\/\/polskastream.com\/pl\/wp-json\/wp\/v2\/pages"}],"about":[{"href":"https:\/\/polskastream.com\/pl\/wp-json\/wp\/v2\/types\/page"}],"author":[{"embeddable":true,"href":"https:\/\/polskastream.com\/pl\/wp-json\/wp\/v2\/users\/1"}],"replies":[{"embeddable":true,"href":"https:\/\/polskastream.com\/pl\/wp-json\/wp\/v2\/comments?post=1810"}],"version-history":[{"count":0,"href":"https:\/\/polskastream.com\/pl\/wp-json\/wp\/v2\/pages\/1810\/revisions"}],"wp:attachment":[{"href":"https:\/\/polskastream.com\/pl\/wp-json\/wp\/v2\/media?parent=1810"}],"curies":[{"name":"wp","href":"https:\/\/api.w.org\/{rel}","templated":true}]}}