{"id":2010,"date":"2024-12-23T21:30:36","date_gmt":"2024-12-23T21:30:36","guid":{"rendered":"https:\/\/polskastream.com\/?post_type=product&#038;p=2010"},"modified":"2025-05-12T07:17:37","modified_gmt":"2025-05-12T07:17:37","slug":"6-zabawa","status":"publish","type":"product","link":"https:\/\/polskastream.com\/pl\/produkt\/6-zabawa\/","title":{"rendered":"6 Miesi\u0105ce"},"content":{"rendered":"","protected":false},"excerpt":{"rendered":"<p>Jeste\u015bmy dost\u0119pni 24 godziny na dob\u0119, 7 dni w tygodniu z serwerami premium i oferujemy ponad 10 000 kana\u0142\u00f3w, ponad 20 000 film\u00f3w VOD i ponad 2500 seriali. Nasza oferta jest dost\u0119pna w jako\u015bci HD i FHD, aby zapewni\u0107 najwy\u017csz\u0105 jako\u015b\u0107 ogl\u0105dania.<\/p>\n<p>Nasze us\u0142ugi s\u0105 kompatybilne z wieloma urz\u0105dzeniami, w tym z Androidem, PC, Smart TV, Mag, TVIP, Formuler i Enigma. Bez wzgl\u0119du na to, z jakiego urz\u0105dzenia korzystasz, mo\u017cesz cieszy\u0107 si\u0119 nasz\u0105 szerok\u0105 ofert\u0105 w dowolnym miejscu i czasie.<\/p>","protected":false},"featured_media":3186,"comment_status":"closed","ping_status":"closed","template":"","meta":[],"product_brand":[],"product_cat":[25],"product_tag":[],"class_list":{"0":"post-2010","1":"product","2":"type-product","3":"status-publish","4":"has-post-thumbnail","6":"product_cat-subscription","8":"first","9":"instock","10":"shipping-taxable","11":"purchasable","12":"product-type-simple"},"_links":{"self":[{"href":"https:\/\/polskastream.com\/pl\/wp-json\/wp\/v2\/product\/2010","targetHints":{"allow":["GET"]}}],"collection":[{"href":"https:\/\/polskastream.com\/pl\/wp-json\/wp\/v2\/product"}],"about":[{"href":"https:\/\/polskastream.com\/pl\/wp-json\/wp\/v2\/types\/product"}],"replies":[{"embeddable":true,"href":"https:\/\/polskastream.com\/pl\/wp-json\/wp\/v2\/comments?post=2010"}],"wp:featuredmedia":[{"embeddable":true,"href":"https:\/\/polskastream.com\/pl\/wp-json\/wp\/v2\/media\/3186"}],"wp:attachment":[{"href":"https:\/\/polskastream.com\/pl\/wp-json\/wp\/v2\/media?parent=2010"}],"wp:term":[{"taxonomy":"product_brand","embeddable":true,"href":"https:\/\/polskastream.com\/pl\/wp-json\/wp\/v2\/product_brand?post=2010"},{"taxonomy":"product_cat","embeddable":true,"href":"https:\/\/polskastream.com\/pl\/wp-json\/wp\/v2\/product_cat?post=2010"},{"taxonomy":"product_tag","embeddable":true,"href":"https:\/\/polskastream.com\/pl\/wp-json\/wp\/v2\/product_tag?post=2010"}],"curies":[{"name":"wp","href":"https:\/\/api.w.org\/{rel}","templated":true}]}}